{"id":2000,"date":"2026-05-15T07:20:18","date_gmt":"2026-05-15T07:20:18","guid":{"rendered":"https:\/\/solidnest.es\/politica-de-privacidad-redes\/"},"modified":"2026-05-15T07:39:59","modified_gmt":"2026-05-15T07:39:59","slug":"politica-de-privacitat-xarxes","status":"publish","type":"page","link":"https:\/\/solidnest.es\/ca\/politica-de-privacitat-xarxes\/","title":{"rendered":"Pol\u00edtica de Privacitat de Xarxes"},"content":{"rendered":"<div>\n<h3>Pol\u00edtica de Privacitat de Xarxes Socials<\/h3>\n<p>D&#8217;acord amb el que s&#8217;estableix pel Reglament (UE) 2016\/679 del Parlament Europeu i del Consell, de 27 d&#8217;abril de 2016, relatiu a la protecci\u00f3 de les persones f\u00edsiques pel que fa al tractament de dades personals i a la lliure circulaci\u00f3 d&#8217;aquestes dades (RGPD), i altra normativa complement\u00e0ria vigent, l&#8217;informem que les seves dades seran tractades sota la responsabilitat de SOLID NEST HOME, S.L., que informa els Usuaris que ha creat un perfil en les xarxes socials amb la finalitat principal de promocionar els seus productes i serveis.\n<\/p>\n<\/div>\n<ul>\n<li>\n<h3>Dades d\u2019identificaci\u00f3 del Responsable del tractament<\/h3>\n<div>\n<p>Denominaci\u00f3 Social: SOLID NEST HOME, S.L.<br \/>\nDomicili Social: C. Manolo Hugu\u00e9, 1, 08440 Cardedeu (Barcelona)<br \/>\nCIF: B09837261<br \/>\nTel\u00e8fon: 937 683 182<br \/>\ne-mail: hola@solidnest.es<br \/>\nlloc web: https:\/\/solidnest.es\n<\/p>\n<p>L&#8217;Usuari disposa d&#8217;un perfil en la mateixa Xarxa Social i ha decidit de manera volunt\u00e0ria unir-se a la p\u00e0gina oficial creada per la SOLID NEST HOME, S.L., mostrant aix\u00ed inter\u00e8s en la informaci\u00f3 que es promocioni en la Xarxa.\n<\/p>\n<p>En unir-se a la nostra p\u00e0gina, ens facilita el seu consentiment lliure, inequ\u00edvoc, espec\u00edfic, informat i expr\u00e9s per al tractament d&#8217;aquelles dades personals publicades en el seu perfil.\n<\/p>\n<p>Aix\u00ed mateix, li indiquem que est\u00e0 prevista l&#8217;elaboraci\u00f3 de perfils, a fi de con\u00e8ixer els productes o serveis que m\u00e9s li puguin encaixar, aix\u00ed com la millor manera de comunicar-los-hi, segons les seves prefer\u00e8ncies o h\u00e0bits mostrats, i que siguin oferts per SOLID NEST HOME, S.L.\n<\/p>\n<p>L&#8217;Usuari pot accedir en tot moment a les pol\u00edtiques de privacitat de la pr\u00f2pia Xarxa Social, aix\u00ed com configurar el seu perfil per a garantir la seva privacitat. SOLID NEST HOME, S.L. t\u00e9 acc\u00e9s i tracta aquella informaci\u00f3 p\u00fablica de l&#8217;Usuari, especialment, el seu nom de contacte. Aquestes dades nom\u00e9s s\u00f3n utilitzats dins de la mateixa Xarxa Social i no s\u00f3n incorporats a cap fitxer.\n<\/p>\n<\/div>\n<\/li>\n<li>\n<h3>Menors<\/h3>\n<div>\n<p>L&#8217;acc\u00e9s i registre en aquesta xarxa social est\u00e0 prohibit a menors de catorze (14) anys. Si l&#8217;usuari \u00e9s menor de catorze (14) anys, adverteix que ser\u00e0 necess\u00e0ria l&#8217;assist\u00e8ncia consentida del titular dels pares, tutor, o representant legal per a l&#8217;acc\u00e9s i \u00fas d&#8217;aquesta p\u00e0gina oficial de SOLID NEST HOME, S.L., quedar\u00e0 expressament exonerada de qualsevol responsabilitat que pogu\u00e9s derivar-se de l&#8217;\u00fas de la seva p\u00e0gina oficial per menors, sent aquesta responsabilitat dels seus representants legals.\n<\/p>\n<\/div>\n<\/li>\n<li>\n<h3>Drets<\/h3>\n<div>\n<p>D&#8217;acord amb els drets que li confereix la normativa vigent en protecci\u00f3 de dades podr\u00e0 dirigir-se a l&#8217;Autoritat de Control competent per a presentar la reclamaci\u00f3 que consideri oportuna, i tamb\u00e9 podr\u00e0 exercir els drets d&#8217;acc\u00e9s, rectificaci\u00f3, limitaci\u00f3 de tractament, supressi\u00f3, portabilitat i oposici\u00f3 al tractament de les seves dades de car\u00e0cter personal aix\u00ed com a la retirada del consentiment prestat per al tractament d&#8217;aquests, dirigint la seva petici\u00f3 a SOLID NEST HOME, S.L., C. Manolo Hugu\u00e9, 1, 08440 Cardedeu (Barcelona), o b\u00e9 al correu electr\u00f2nic lopd@solidnest.es.\n<\/p>\n<\/div>\n<\/li>\n<li>\n<h3>Utilitzaci\u00f3 del perfil<\/h3>\n<div>\n<p>SOLID NEST HOME, S.L. dur\u00e0 a terme les seg\u00fcents actuacions:<\/p>\n<ul>\nAcc\u00e9s a la informaci\u00f3 p\u00fablica del perfil.<br \/>\nPublicaci\u00f3 en el perfil de l&#8217;Usuari de tota aquella informaci\u00f3 ja publicada en la p\u00e0gina de SOLID NEST HOME, S.L.<br \/>\nEnviar missatges personals i individuals a trav\u00e9s dels canals de la Xarxa Social. Actualitzacions de l&#8217;estat de la p\u00e0gina que es publicaran en el perfil de l&#8217;Usuari.<\/ul>\n<p>L&#8217;Usuari sempre pot controlar les seves connexions, eliminar els continguts que deixin d&#8217;interessar-li i restringir amb qui comparteix les seves connexions; per a aix\u00f2 haur\u00e0 d&#8217;accedir a la seva configuraci\u00f3 de privacitat.\n<\/p>\n<\/div>\n<\/li>\n<li>\n<h3>Publicacions<\/h3>\n<div>\n<p>L&#8217;Usuari, una vegada unit a la p\u00e0gina oficial de la SOLID NEST HOME, S.L., podr\u00e0 publicar comentaris, enlla\u00e7os, imatges o fotografies o qualsevol altre tipus de contingut multim\u00e8dia suportat per la Xarxa Social. L&#8217;Usuari, en tots els casos, ha de ser el titular d&#8217;aquests, gaudir dels drets d&#8217;autor i de propietat intel\u00b7lectual o comptar amb el consentiment dels tercers afectats. Es prohibeix expressament qualsevol publicaci\u00f3 en la p\u00e0gina, ja siguin textos, gr\u00e0fics, fotografies, v\u00eddeos, etc. que atemptin o siguin susceptibles d&#8217;atemptar contra la moral, l&#8217;\u00e8tica, el bon gust o el dec\u00f2rum, o que infringeixin, violin o infringeixin els drets de propietat intel\u00b7lectual o industrial, el dret a la imatge o la Llei.<\/p>\n<p>SOLID NEST HOME, S.L. es reserva el dret a retirar immediatament el contingut, de manera unilateral i sense pr\u00e8via comunicaci\u00f3 ni autoritzaci\u00f3 de l&#8217;usuari, podent sol\u00b7licitar el bloqueig permanent de l&#8217;Usuari.<\/p>\n<p>SOLID NEST HOME, S.L. no es far\u00e0 responsable dels continguts que lliurement ha publicat un Usuari.<\/p>\n<p>L&#8217;Usuari ha de tenir present que les seves publicacions seran conegudes pels altres Usuaris, per la qual cosa ell mateix \u00e9s el principal responsable de la seva privacitat. Les imatges que puguin publicar-se en la p\u00e0gina no seran emmagatzemades en cap fitxer per part de SOLID NEST HOME, S.L. per\u00f2 s\u00ed que romandran en la Xarxa Social.<\/p>\n<\/div>\n<\/li>\n<li>\n<h3>Concursos i promocions<\/h3>\n<div>\n<p>SOLID NEST HOME, S.L. es reserva el dret a dur a terme concursos i promocions, en els quals podr\u00e0 participar l&#8217;Usuari unit a la seva p\u00e0gina. Les bases de cadascun, quan s&#8217;utilitzi per a aix\u00f2 la plataforma de la Xarxa Social, seran publicades en aquesta, complint sempre amb la LSS ICE i amb qualsevol altra norma que li sigui aplicable.<\/p>\n<p>La Xarxa Social no patrocina, avala, ni administra, de cap mode, cap de les nostres promocions, ni est\u00e0 associada a cap d&#8217;elles.<\/p>\n<\/div>\n<\/li>\n<li>\n<h3>Publicitat<\/h3>\n<div>\n<p>SOLID NEST HOME, S.L. utilitzar\u00e0 la Xarxa Social per a promocionar els seus productes i serveis. En tot cas, si decideix tractar les seves dades de contacte per a realitzar accions directes de prospecci\u00f3 comercial, ser\u00e0 sempre complint amb les exig\u00e8ncies legals del RGPD, de la LOPDGDD i de la LSS ICE.<\/p>\n<p>No es considerar\u00e0 publicitat el fet de recomanar a altres Usuaris la p\u00e0gina de la SOLID NEST HOME, S.L. perqu\u00e8 tamb\u00e9 ells puguin gaudir de les promocions o estar informats de la seva activitat.\n<\/p>\n<\/div>\n<\/li>\n<li>\n<h3>Una altra informaci\u00f3 d&#8217;inter\u00e8s<\/h3>\n<div>\n<p>SOLID NEST HOME, S.L., podr\u00e0 modificar o substituir en qualsevol moment la present pol\u00edtica que, segons els casos, substituir\u00e0, complementar\u00e0 o modificar\u00e0 l&#8217;actual publicada. Per aix\u00f2 l&#8217;usuari haur\u00e0 d&#8217;accedir peri\u00f2dicament a aquesta, amb la finalitat de mantenir-se actualitzat.<\/p>\n<p>A continuaci\u00f3 detallem l&#8217;enlla\u00e7 a la pol\u00edtica de privacitat de la Xarxa Social:<\/p>\n<ul>\n<li>Facebook: https:\/\/www.facebook.com\/help\/323540651073243\/<\/li>\n<li>Twitter: https:\/\/twitter.com\/privacy<\/li>\n<li>LinkedIn: https:\/\/www.linkedin.com\/legal\/privacy-policy?_l=es_ES<\/li>\n<li>YouTube: http:\/\/www.youtube.com\/yt\/policyandsafety\/es\/<\/li>\n<\/ul>\n<\/div>\n<\/li>\n<\/ul>\n<p><!--more--><br \/>\n<!-- {\"type\":\"layout\",\"children\":[{\"type\":\"section\",\"props\":{\"height\":\"viewport\",\"height_viewport_offset\":true,\"image_position\":\"center-center\",\"style\":\"default\",\"title_breakpoint\":\"xl\",\"title_position\":\"top-left\",\"title_rotation\":\"left\",\"vertical_align\":\"middle\",\"width\":\"default\"},\"children\":[{\"type\":\"row\",\"children\":[{\"type\":\"column\",\"props\":{\"image_position\":\"center-center\",\"position_sticky_breakpoint\":\"m\"},\"children\":[{\"type\":\"text\",\"props\":{\"block_align\":\"center\",\"column_breakpoint\":\"m\",\"content\":\"\n\n<h3>Pol\u00edtica de Privacitat de Xarxes Socials<\/h3>\n\n\\n\n\n<p>D'acord amb el que s'estableix pel Reglament (UE) 2016\/679 del Parlament Europeu i del Consell, de 27 d'abril de 2016, relatiu a la protecci\u00f3 de les persones f\u00edsiques pel que fa al tractament de dades personals i a la lliure circulaci\u00f3 d'aquestes dades (RGPD), i altra normativa complement\u00e0ria vigent, l'informem que les seves dades seran tractades sota la responsabilitat de SOLID NEST HOME, S.L., que informa els Usuaris que ha creat un perfil en les xarxes socials amb la finalitat principal de promocionar els seus productes i serveis.\\n<\/p>\n\n\\n\",\"margin_bottom\":\"default\",\"margin_top\":\"default\",\"maxwidth\":\"2xlarge\"}},{\"type\":\"accordion\",\"props\":{\"block_align\":\"center\",\"collapsible\":true,\"content_column_breakpoint\":\"m\",\"image_align\":\"top\",\"image_grid_breakpoint\":\"m\",\"image_grid_width\":\"1-2\",\"image_svg_color\":\"emphasis\",\"link_style\":\"default\",\"link_text\":\"Read more\",\"margin_top\":\"large\",\"maxwidth\":\"2xlarge\",\"show_image\":true,\"show_link\":true},\"children\":[{\"type\":\"accordion_item\",\"props\":{\"content\":\"\\n\n\n<p>Denominaci\u00f3 Social: SOLID NEST HOME, S.L.<br \/>\\nDomicili Social: C. Manolo Hugu\u00e9, 1, 08440 Cardedeu (Barcelona)<br \/>\\nCIF: B09837261<br \/>\\nTel\u00e8fon: 937 683 182<br \/>\\ne-mail: hola@solidnest.es<br \/>\\nlloc web: https:\/\/solidnest.es\\n<\/p>\n\n\\n\\n\n\n<p>L'Usuari disposa d'un perfil en la mateixa Xarxa Social i ha decidit de manera volunt\u00e0ria unir-se a la p\u00e0gina oficial creada per la SOLID NEST HOME, S.L., mostrant aix\u00ed inter\u00e8s en la informaci\u00f3 que es promocioni en la Xarxa.\\n<\/p>\n\n\\n\n\n<p>En unir-se a la nostra p\u00e0gina, ens facilita el seu consentiment lliure, inequ\u00edvoc, espec\u00edfic, informat i expr\u00e9s per al tractament d'aquelles dades personals publicades en el seu perfil.\\n<\/p>\n\n\\n\n\n<p>Aix\u00ed mateix, li indiquem que est\u00e0 prevista l'elaboraci\u00f3 de perfils, a fi de con\u00e8ixer els productes o serveis que m\u00e9s li puguin encaixar, aix\u00ed com la millor manera de comunicar-los-hi, segons les seves prefer\u00e8ncies o h\u00e0bits mostrats, i que siguin oferts per SOLID NEST HOME, S.L.\\n<\/p>\n\n\\n\n\n<p>L'Usuari pot accedir en tot moment a les pol\u00edtiques de privacitat de la pr\u00f2pia Xarxa Social, aix\u00ed com configurar el seu perfil per a garantir la seva privacitat. SOLID NEST HOME, S.L. t\u00e9 acc\u00e9s i tracta aquella informaci\u00f3 p\u00fablica de l'Usuari, especialment, el seu nom de contacte. Aquestes dades nom\u00e9s s\u00f3n utilitzats dins de la mateixa Xarxa Social i no s\u00f3n incorporats a cap fitxer.\\n<\/p>\n\n\\n\",\"title\":\"Dades d\u2019identificaci\u00f3 del Responsable del tractament\"}},{\"type\":\"accordion_item\",\"props\":{\"content\":\"\\n\n\n<p>L'acc\u00e9s i registre en aquesta xarxa social est\u00e0 prohibit a menors de catorze (14) anys. Si l'usuari \u00e9s menor de catorze (14) anys, adverteix que ser\u00e0 necess\u00e0ria l'assist\u00e8ncia consentida del titular dels pares, tutor, o representant legal per a l'acc\u00e9s i \u00fas d'aquesta p\u00e0gina oficial de SOLID NEST HOME, S.L., quedar\u00e0 expressament exonerada de qualsevol responsabilitat que pogu\u00e9s derivar-se de l'\u00fas de la seva p\u00e0gina oficial per menors, sent aquesta responsabilitat dels seus representants legals.\\n<\/p>\n\n\",\"title\":\"Menors\"}},{\"type\":\"accordion_item\",\"props\":{\"content\":\"\n\n<p>D'acord amb els drets que li confereix la normativa vigent en protecci\u00f3 de dades podr\u00e0 dirigir-se a l'Autoritat de Control competent per a presentar la reclamaci\u00f3 que consideri oportuna, i tamb\u00e9 podr\u00e0 exercir els drets d'acc\u00e9s, rectificaci\u00f3, limitaci\u00f3 de tractament, supressi\u00f3, portabilitat i oposici\u00f3 al tractament de les seves dades de car\u00e0cter personal aix\u00ed com a la retirada del consentiment prestat per al tractament d'aquests, dirigint la seva petici\u00f3 a SOLID NEST HOME, S.L., C. Manolo Hugu\u00e9, 1, 08440 Cardedeu (Barcelona), o b\u00e9 al correu electr\u00f2nic lopd@solidnest.es.\\n<\/p>\n\n\",\"title\":\"Drets\"}},{\"type\":\"accordion_item\",\"props\":{\"content\":\"\n\n<p>SOLID NEST HOME, S.L. dur\u00e0 a terme les seg\u00fcents actuacions:<\/p>\n\n\\n\n\n<ul>\\nAcc\u00e9s a la informaci\u00f3 p\u00fablica del perfil.\\nPublicaci\u00f3 en el perfil de l'Usuari de tota aquella informaci\u00f3 ja publicada en la p\u00e0gina de SOLID NEST HOME, S.L.\\nEnviar missatges personals i individuals a trav\u00e9s dels canals de la Xarxa Social. Actualitzacions de l'estat de la p\u00e0gina que es publicaran en el perfil de l'Usuari.<\/ul>\n\n\\n\n\n<p>L'Usuari sempre pot controlar les seves connexions, eliminar els continguts que deixin d'interessar-li i restringir amb qui comparteix les seves connexions; per a aix\u00f2 haur\u00e0 d'accedir a la seva configuraci\u00f3 de privacitat.\\n<\/p>\n\n\",\"title\":\"Utilitzaci\u00f3 del perfil\"}},{\"type\":\"accordion_item\",\"props\":{\"content\":\"\n\n<p>L'Usuari, una vegada unit a la p\u00e0gina oficial de la SOLID NEST HOME, S.L., podr\u00e0 publicar comentaris, enlla\u00e7os, imatges o fotografies o qualsevol altre tipus de contingut multim\u00e8dia suportat per la Xarxa Social. L'Usuari, en tots els casos, ha de ser el titular d'aquests, gaudir dels drets d'autor i de propietat intel\u00b7lectual o comptar amb el consentiment dels tercers afectats. Es prohibeix expressament qualsevol publicaci\u00f3 en la p\u00e0gina, ja siguin textos, gr\u00e0fics, fotografies, v\u00eddeos, etc. que atemptin o siguin susceptibles d'atemptar contra la moral, l'\u00e8tica, el bon gust o el dec\u00f2rum, o que infringeixin, violin o infringeixin els drets de propietat intel\u00b7lectual o industrial, el dret a la imatge o la Llei.<\/p>\n\n\\n\n\n<p>SOLID NEST HOME, S.L. es reserva el dret a retirar immediatament el contingut, de manera unilateral i sense pr\u00e8via comunicaci\u00f3 ni autoritzaci\u00f3 de l'usuari, podent sol\u00b7licitar el bloqueig permanent de l'Usuari.<\/p>\n\n\\n\n\n<p>SOLID NEST HOME, S.L. no es far\u00e0 responsable dels continguts que lliurement ha publicat un Usuari.<\/p>\n\n\\n\n\n<p>L'Usuari ha de tenir present que les seves publicacions seran conegudes pels altres Usuaris, per la qual cosa ell mateix \u00e9s el principal responsable de la seva privacitat. Les imatges que puguin publicar-se en la p\u00e0gina no seran emmagatzemades en cap fitxer per part de SOLID NEST HOME, S.L. per\u00f2 s\u00ed que romandran en la Xarxa Social.<\/p>\n\n\",\"title\":\"Publicacions\"}},{\"type\":\"accordion_item\",\"props\":{\"content\":\"\n\n<p>SOLID NEST HOME, S.L. es reserva el dret a dur a terme concursos i promocions, en els quals podr\u00e0 participar l'Usuari unit a la seva p\u00e0gina. Les bases de cadascun, quan s'utilitzi per a aix\u00f2 la plataforma de la Xarxa Social, seran publicades en aquesta, complint sempre amb la LSS ICE i amb qualsevol altra norma que li sigui aplicable.<\/p>\n\n\\n\n\n<p>La Xarxa Social no patrocina, avala, ni administra, de cap mode, cap de les nostres promocions, ni est\u00e0 associada a cap d'elles.<\/p>\n\n\",\"title\":\"Concursos i promocions\"}},{\"type\":\"accordion_item\",\"props\":{\"content\":\"\n\n<p>SOLID NEST HOME, S.L. utilitzar\u00e0 la Xarxa Social per a promocionar els seus productes i serveis. En tot cas, si decideix tractar les seves dades de contacte per a realitzar accions directes de prospecci\u00f3 comercial, ser\u00e0 sempre complint amb les exig\u00e8ncies legals del RGPD, de la LOPDGDD i de la LSS ICE.<\/p>\n\n\\n\n\n<p>No es considerar\u00e0 publicitat el fet de recomanar a altres Usuaris la p\u00e0gina de la SOLID NEST HOME, S.L. perqu\u00e8 tamb\u00e9 ells puguin gaudir de les promocions o estar informats de la seva activitat.\\n<\/p>\n\n\",\"title\":\"Publicitat\"}},{\"type\":\"accordion_item\",\"props\":{\"content\":\"\n\n<p>SOLID NEST HOME, S.L., podr\u00e0 modificar o substituir en qualsevol moment la present pol\u00edtica que, segons els casos, substituir\u00e0, complementar\u00e0 o modificar\u00e0 l'actual publicada. Per aix\u00f2 l'usuari haur\u00e0 d'accedir peri\u00f2dicament a aquesta, amb la finalitat de mantenir-se actualitzat.<\/p>\n\n\\n\n\n<p>A continuaci\u00f3 detallem l'enlla\u00e7 a la pol\u00edtica de privacitat de la Xarxa Social:<\/p>\n\n\\n\n\n<ul>\\n    \n\n<li>Facebook: https:\/\/www.facebook.com\/help\/323540651073243\/<\/li>\n\n\\n \n\n<li>Twitter: https:\/\/twitter.com\/privacy<\/li>\n\n\\n \n\n<li>LinkedIn: https:\/\/www.linkedin.com\/legal\/privacy-policy?_l=es_ES<\/li>\n\n\\n \n\n<li>YouTube: http:\/\/www.youtube.com\/yt\/policyandsafety\/es\/<\/li>\n\n\\n<\/ul>\n\n\",\"title\":\"Una altra informaci\u00f3 d'inter\u00e8s\"}}]}]}]}]}],\"version\":\"5.0.30\"} --><\/p>\n","protected":false},"excerpt":{"rendered":"<p>Pol\u00edtica de Privacitat de Xarxes Socials D&#8217;acord amb el que s&#8217;estableix pel Reglament (UE) 2016\/679 del Parlament Europeu i del Consell, de 27 d&#8217;abril de 2016, relatiu a la protecci\u00f3 de les persones f\u00edsiques pel que fa al tractament de dades personals i a la lliure circulaci\u00f3 d&#8217;aquestes dades (RGPD), i altra normativa complement\u00e0ria vigent, [&hellip;]<\/p>\n","protected":false},"author":1,"featured_media":0,"parent":0,"menu_order":0,"comment_status":"closed","ping_status":"closed","template":"","meta":{"footnotes":""},"class_list":["post-2000","page","type-page","status-publish","hentry"],"yoast_head":"<!-- This site is optimized with the Yoast SEO plugin v27.6 - https:\/\/yoast.com\/product\/yoast-seo-wordpress\/ -->\n<title>Pol\u00edtica de Privacitat de Xarxes - Solid Nest<\/title>\n<meta name=\"robots\" content=\"index, follow, max-snippet:-1, max-image-preview:large, max-video-preview:-1\" \/>\n<link rel=\"canonical\" href=\"https:\/\/solidnest.es\/ca\/politica-de-privacitat-xarxes\/\" \/>\n<meta property=\"og:locale\" content=\"ca_ES\" \/>\n<meta property=\"og:type\" content=\"article\" \/>\n<meta property=\"og:title\" content=\"Pol\u00edtica de Privacitat de Xarxes - Solid Nest\" \/>\n<meta property=\"og:description\" content=\"Pol\u00edtica de Privacitat de Xarxes Socials D&#8217;acord amb el que s&#8217;estableix pel Reglament (UE) 2016\/679 del Parlament Europeu i del Consell, de 27 d&#8217;abril de 2016, relatiu a la protecci\u00f3 de les persones f\u00edsiques pel que fa al tractament de dades personals i a la lliure circulaci\u00f3 d&#8217;aquestes dades (RGPD), i altra normativa complement\u00e0ria vigent, [&hellip;]\" \/>\n<meta property=\"og:url\" content=\"https:\/\/solidnest.es\/ca\/politica-de-privacitat-xarxes\/\" \/>\n<meta property=\"og:site_name\" content=\"Solid Nest\" \/>\n<meta property=\"article:modified_time\" content=\"2026-05-15T07:39:59+00:00\" \/>\n<meta name=\"twitter:card\" content=\"summary_large_image\" \/>\n<script type=\"application\/ld+json\" class=\"yoast-schema-graph\">{\"@context\":\"https:\\\/\\\/schema.org\",\"@graph\":[{\"@type\":\"WebPage\",\"@id\":\"https:\\\/\\\/solidnest.es\\\/ca\\\/politica-de-privacitat-xarxes\\\/\",\"url\":\"https:\\\/\\\/solidnest.es\\\/ca\\\/politica-de-privacitat-xarxes\\\/\",\"name\":\"Pol\u00edtica de Privacitat de Xarxes - Solid Nest\",\"isPartOf\":{\"@id\":\"https:\\\/\\\/solidnest.es\\\/#website\"},\"datePublished\":\"2026-05-15T07:20:18+00:00\",\"dateModified\":\"2026-05-15T07:39:59+00:00\",\"breadcrumb\":{\"@id\":\"https:\\\/\\\/solidnest.es\\\/ca\\\/politica-de-privacitat-xarxes\\\/#breadcrumb\"},\"inLanguage\":\"ca\",\"potentialAction\":[{\"@type\":\"ReadAction\",\"target\":[\"https:\\\/\\\/solidnest.es\\\/ca\\\/politica-de-privacitat-xarxes\\\/\"]}]},{\"@type\":\"BreadcrumbList\",\"@id\":\"https:\\\/\\\/solidnest.es\\\/ca\\\/politica-de-privacitat-xarxes\\\/#breadcrumb\",\"itemListElement\":[{\"@type\":\"ListItem\",\"position\":1,\"name\":\"Portada\",\"item\":\"https:\\\/\\\/solidnest.es\\\/ca\\\/\"},{\"@type\":\"ListItem\",\"position\":2,\"name\":\"Pol\u00edtica de Privacitat de Xarxes\"}]},{\"@type\":\"WebSite\",\"@id\":\"https:\\\/\\\/solidnest.es\\\/#website\",\"url\":\"https:\\\/\\\/solidnest.es\\\/\",\"name\":\"Solid Nest\",\"description\":\"Promotora inmobiliaria especializada en obra nueva\",\"potentialAction\":[{\"@type\":\"SearchAction\",\"target\":{\"@type\":\"EntryPoint\",\"urlTemplate\":\"https:\\\/\\\/solidnest.es\\\/?s={search_term_string}\"},\"query-input\":{\"@type\":\"PropertyValueSpecification\",\"valueRequired\":true,\"valueName\":\"search_term_string\"}}],\"inLanguage\":\"ca\"}]}<\/script>\n<!-- \/ Yoast SEO plugin. -->","yoast_head_json":{"title":"Pol\u00edtica de Privacitat de Xarxes - Solid Nest","robots":{"index":"index","follow":"follow","max-snippet":"max-snippet:-1","max-image-preview":"max-image-preview:large","max-video-preview":"max-video-preview:-1"},"canonical":"https:\/\/solidnest.es\/ca\/politica-de-privacitat-xarxes\/","og_locale":"ca_ES","og_type":"article","og_title":"Pol\u00edtica de Privacitat de Xarxes - Solid Nest","og_description":"Pol\u00edtica de Privacitat de Xarxes Socials D&#8217;acord amb el que s&#8217;estableix pel Reglament (UE) 2016\/679 del Parlament Europeu i del Consell, de 27 d&#8217;abril de 2016, relatiu a la protecci\u00f3 de les persones f\u00edsiques pel que fa al tractament de dades personals i a la lliure circulaci\u00f3 d&#8217;aquestes dades (RGPD), i altra normativa complement\u00e0ria vigent, [&hellip;]","og_url":"https:\/\/solidnest.es\/ca\/politica-de-privacitat-xarxes\/","og_site_name":"Solid Nest","article_modified_time":"2026-05-15T07:39:59+00:00","twitter_card":"summary_large_image","schema":{"@context":"https:\/\/schema.org","@graph":[{"@type":"WebPage","@id":"https:\/\/solidnest.es\/ca\/politica-de-privacitat-xarxes\/","url":"https:\/\/solidnest.es\/ca\/politica-de-privacitat-xarxes\/","name":"Pol\u00edtica de Privacitat de Xarxes - Solid Nest","isPartOf":{"@id":"https:\/\/solidnest.es\/#website"},"datePublished":"2026-05-15T07:20:18+00:00","dateModified":"2026-05-15T07:39:59+00:00","breadcrumb":{"@id":"https:\/\/solidnest.es\/ca\/politica-de-privacitat-xarxes\/#breadcrumb"},"inLanguage":"ca","potentialAction":[{"@type":"ReadAction","target":["https:\/\/solidnest.es\/ca\/politica-de-privacitat-xarxes\/"]}]},{"@type":"BreadcrumbList","@id":"https:\/\/solidnest.es\/ca\/politica-de-privacitat-xarxes\/#breadcrumb","itemListElement":[{"@type":"ListItem","position":1,"name":"Portada","item":"https:\/\/solidnest.es\/ca\/"},{"@type":"ListItem","position":2,"name":"Pol\u00edtica de Privacitat de Xarxes"}]},{"@type":"WebSite","@id":"https:\/\/solidnest.es\/#website","url":"https:\/\/solidnest.es\/","name":"Solid Nest","description":"Promotora inmobiliaria especializada en obra nueva","potentialAction":[{"@type":"SearchAction","target":{"@type":"EntryPoint","urlTemplate":"https:\/\/solidnest.es\/?s={search_term_string}"},"query-input":{"@type":"PropertyValueSpecification","valueRequired":true,"valueName":"search_term_string"}}],"inLanguage":"ca"}]}},"_links":{"self":[{"href":"https:\/\/solidnest.es\/ca\/wp-json\/wp\/v2\/pages\/2000","targetHints":{"allow":["GET"]}}],"collection":[{"href":"https:\/\/solidnest.es\/ca\/wp-json\/wp\/v2\/pages"}],"about":[{"href":"https:\/\/solidnest.es\/ca\/wp-json\/wp\/v2\/types\/page"}],"author":[{"embeddable":true,"href":"https:\/\/solidnest.es\/ca\/wp-json\/wp\/v2\/users\/1"}],"replies":[{"embeddable":true,"href":"https:\/\/solidnest.es\/ca\/wp-json\/wp\/v2\/comments?post=2000"}],"version-history":[{"count":6,"href":"https:\/\/solidnest.es\/ca\/wp-json\/wp\/v2\/pages\/2000\/revisions"}],"predecessor-version":[{"id":2007,"href":"https:\/\/solidnest.es\/ca\/wp-json\/wp\/v2\/pages\/2000\/revisions\/2007"}],"wp:attachment":[{"href":"https:\/\/solidnest.es\/ca\/wp-json\/wp\/v2\/media?parent=2000"}],"curies":[{"name":"wp","href":"https:\/\/api.w.org\/{rel}","templated":true}]}}