{"id":710,"date":"2022-06-14T09:28:22","date_gmt":"2022-06-14T09:28:22","guid":{"rendered":"http:\/\/solidnest.es\/contacto\/"},"modified":"2022-07-01T10:58:14","modified_gmt":"2022-07-01T10:58:14","slug":"contacte","status":"publish","type":"page","link":"https:\/\/solidnest.es\/ca\/contacte\/","title":{"rendered":"Contacte"},"content":{"rendered":"<div>\n<h1>Contacte<\/h1>\n<\/div>\n<p><img decoding=\"async\" src=\"\/wp-content\/uploads\/2022\/06\/solid_nest_mapa_1.jpg\" alt=\"\"><\/p>\n<div>\n<p class=\"uk-text-large\">C\/Manolo Hugu\u00e9, 1<br \/>\n08440 Cardedeu\n<\/p>\n<p><a href=\"https:\/\/goo.gl\/maps\/qodzWihQMro8ZaRN7\" target=\"_blank\" class=\"uk-button uk-button-primary\">Com arribar<\/a>\n<\/div>\n<div>\n<p class=\"uk-text-large\">Informaci\u00f3 comercial<\/p>\n<p><a href=\"tel:673127670\" target=\"_blank\" class=\"uk-button uk-button-primary\"><span uk-icon=\"receiver\"><\/span> 673 127 670<\/a>\n<\/div>\n<div>\n<p class=\"uk-text-large\">Administraci\u00f3<\/p>\n<p><a href=\"tel:937683182\" target=\"_blank\" class=\"uk-button uk-button-primary\"><span uk-icon=\"receiver\"><\/span> 937 683 182<\/a>\n<\/div>\n<div>\n<p class=\"uk-text-large\">E-Mail<\/p>\n<p><a href=\"mailto:hola@solidnest.es\" target=\"_blank\" class=\"uk-button uk-button-primary\"><span uk-icon=\"mail\"><\/span> HOLA@SOLIDNEST.ES<\/a><\/div>\n<p><!--more--><br \/>\n<!-- {\"name\":\"promociones\",\"type\":\"layout\",\"children\":[{\"type\":\"section\",\"props\":{\"style\":\"default\",\"width\":\"expand\",\"vertical_align\":\"middle\",\"title_position\":\"top-left\",\"title_rotation\":\"left\",\"title_breakpoint\":\"xl\",\"image_position\":\"center-center\",\"animation\":\"fade\",\"animation_delay\":\"200\"},\"children\":[{\"type\":\"row\",\"children\":[{\"type\":\"column\",\"props\":{\"position_sticky_breakpoint\":\"m\",\"image_position\":\"center-center\",\"media_overlay_gradient\":\"\"},\"children\":[{\"type\":\"text\",\"props\":{\"margin\":\"default\",\"column_breakpoint\":\"m\",\"content\":\"\n\n<h1>Contacte<\\\/h1>\",\"text_align\":\"center\",\"animation\":\"slide-top-small\"}}]}]},{\"type\":\"row\",\"children\":[{\"type\":\"column\",\"props\":{\"position_sticky_breakpoint\":\"m\",\"image_position\":\"center-center\",\"media_overlay_gradient\":\"\",\"width_medium\":\"1-2\"},\"children\":[{\"type\":\"image\",\"props\":{\"margin\":\"default\",\"image_svg_color\":\"emphasis\",\"image\":\"wp-content\\\/uploads\\\/2022\\\/06\\\/solid_nest_mapa_1.jpg\",\"block_align\":\"center\"}}]},{\"type\":\"column\",\"props\":{\"position_sticky_breakpoint\":\"m\",\"image_position\":\"center-center\",\"media_overlay_gradient\":\"\",\"width_medium\":\"1-2\"},\"children\":[{\"type\":\"text\",\"props\":{\"margin\":\"medium\",\"column_breakpoint\":\"m\",\"content\":\"\n\n<p class=\\\"uk-text-large\\\">C\\\/Manolo Hugu\\u00e9, 1<br \/>\\n08440 Cardedeu\\n<\\\/p>\\n<a href=\\\"https:\\\/\\\/goo.gl\\\/maps\\\/qodzWihQMro8ZaRN7\\\" target=\\\"_blank\\\" class=\\\"uk-button uk-button-primary\\\">Com arribar<\\\/a>\\n\"}},{\"type\":\"text\",\"props\":{\"margin\":\"medium\",\"column_breakpoint\":\"m\",\"content\":\"\\n\n\n<p class=\\\"uk-text-large\\\">Informaci\\u00f3 comercial<\\\/p>\\n<a href=\\\"tel:673127670\\\" target=\\\"_blank\\\" class=\\\"uk-button uk-button-primary\\\"><span uk-icon=\\\"receiver\\\"><\\\/span> 673 127 670<\\\/a>\\n\"}},{\"type\":\"text\",\"props\":{\"margin\":\"medium\",\"column_breakpoint\":\"m\",\"content\":\"\\n\n\n<p class=\\\"uk-text-large\\\">Administraci\\u00f3<\\\/p>\\n<a href=\\\"tel:937683182\\\" target=\\\"_blank\\\" class=\\\"uk-button uk-button-primary\\\"><span uk-icon=\\\"receiver\\\"><\\\/span> 937 683 182<\\\/a>\\n\"}},{\"type\":\"text\",\"props\":{\"margin\":\"medium\",\"column_breakpoint\":\"m\",\"content\":\"\\n\n\n<p class=\\\"uk-text-large\\\">E-Mail<\\\/p>\\n<a href=\\\"mailto:hola@solidnest.es\\\" target=\\\"_blank\\\" class=\\\"uk-button uk-button-primary\\\"><span uk-icon=\\\"mail\\\"><\\\/span> HOLA@SOLIDNEST.ES<\\\/a>\"}}]}],\"props\":{\"layout\":\"1-2,1-2\",\"margin\":\"large\",\"column_gap\":\"large\",\"width\":\"default\"}}]}],\"version\":\"2.7.22\"} --><\/p>\n","protected":false},"excerpt":{"rendered":"<p>Contacte C\/Manolo Hugu\u00e9, 1 08440 Cardedeu Com arribar Informaci\u00f3 comercial 673 127 670 Administraci\u00f3 937 683 182 E-Mail HOLA@SOLIDNEST.ES<\/p>\n","protected":false},"author":1,"featured_media":0,"parent":0,"menu_order":0,"comment_status":"closed","ping_status":"closed","template":"","meta":{"footnotes":""},"yoast_head":"<!-- This site is optimized with the Yoast SEO plugin v20.10 - https:\/\/yoast.com\/wordpress\/plugins\/seo\/ -->\n<title>Contacte - Solid Nest<\/title>\n<meta name=\"robots\" content=\"index, follow, max-snippet:-1, max-image-preview:large, max-video-preview:-1\" \/>\n<link rel=\"canonical\" href=\"https:\/\/solidnest.es\/ca\/contacte\/\" \/>\n<meta property=\"og:locale\" content=\"ca_ES\" \/>\n<meta property=\"og:type\" content=\"article\" \/>\n<meta property=\"og:title\" content=\"Contacte - Solid Nest\" \/>\n<meta property=\"og:description\" content=\"Contacte C\/Manolo Hugu\u00e9, 1 08440 Cardedeu Com arribar Informaci\u00f3 comercial 673 127 670 Administraci\u00f3 937 683 182 E-Mail HOLA@SOLIDNEST.ES\" \/>\n<meta property=\"og:url\" content=\"https:\/\/solidnest.es\/ca\/contacte\/\" \/>\n<meta property=\"og:site_name\" content=\"Solid Nest\" \/>\n<meta property=\"article:modified_time\" content=\"2022-07-01T10:58:14+00:00\" \/>\n<meta name=\"twitter:card\" content=\"summary_large_image\" \/>\n<script type=\"application\/ld+json\" class=\"yoast-schema-graph\">{\"@context\":\"https:\/\/schema.org\",\"@graph\":[{\"@type\":\"WebPage\",\"@id\":\"https:\/\/solidnest.es\/ca\/contacte\/\",\"url\":\"https:\/\/solidnest.es\/ca\/contacte\/\",\"name\":\"Contacte - Solid Nest\",\"isPartOf\":{\"@id\":\"https:\/\/solidnest.es\/#website\"},\"datePublished\":\"2022-06-14T09:28:22+00:00\",\"dateModified\":\"2022-07-01T10:58:14+00:00\",\"breadcrumb\":{\"@id\":\"https:\/\/solidnest.es\/ca\/contacte\/#breadcrumb\"},\"inLanguage\":\"ca\",\"potentialAction\":[{\"@type\":\"ReadAction\",\"target\":[\"https:\/\/solidnest.es\/ca\/contacte\/\"]}]},{\"@type\":\"BreadcrumbList\",\"@id\":\"https:\/\/solidnest.es\/ca\/contacte\/#breadcrumb\",\"itemListElement\":[{\"@type\":\"ListItem\",\"position\":1,\"name\":\"Portada\",\"item\":\"https:\/\/solidnest.es\/ca\/\"},{\"@type\":\"ListItem\",\"position\":2,\"name\":\"Contacte\"}]},{\"@type\":\"WebSite\",\"@id\":\"https:\/\/solidnest.es\/#website\",\"url\":\"https:\/\/solidnest.es\/\",\"name\":\"Solid Nest\",\"description\":\"Promotora inmobiliaria especializada en obra nueva\",\"potentialAction\":[{\"@type\":\"SearchAction\",\"target\":{\"@type\":\"EntryPoint\",\"urlTemplate\":\"https:\/\/solidnest.es\/?s={search_term_string}\"},\"query-input\":\"required name=search_term_string\"}],\"inLanguage\":\"ca\"}]}<\/script>\n<!-- \/ Yoast SEO plugin. -->","yoast_head_json":{"title":"Contacte - Solid Nest","robots":{"index":"index","follow":"follow","max-snippet":"max-snippet:-1","max-image-preview":"max-image-preview:large","max-video-preview":"max-video-preview:-1"},"canonical":"https:\/\/solidnest.es\/ca\/contacte\/","og_locale":"ca_ES","og_type":"article","og_title":"Contacte - Solid Nest","og_description":"Contacte C\/Manolo Hugu\u00e9, 1 08440 Cardedeu Com arribar Informaci\u00f3 comercial 673 127 670 Administraci\u00f3 937 683 182 E-Mail HOLA@SOLIDNEST.ES","og_url":"https:\/\/solidnest.es\/ca\/contacte\/","og_site_name":"Solid Nest","article_modified_time":"2022-07-01T10:58:14+00:00","twitter_card":"summary_large_image","schema":{"@context":"https:\/\/schema.org","@graph":[{"@type":"WebPage","@id":"https:\/\/solidnest.es\/ca\/contacte\/","url":"https:\/\/solidnest.es\/ca\/contacte\/","name":"Contacte - Solid Nest","isPartOf":{"@id":"https:\/\/solidnest.es\/#website"},"datePublished":"2022-06-14T09:28:22+00:00","dateModified":"2022-07-01T10:58:14+00:00","breadcrumb":{"@id":"https:\/\/solidnest.es\/ca\/contacte\/#breadcrumb"},"inLanguage":"ca","potentialAction":[{"@type":"ReadAction","target":["https:\/\/solidnest.es\/ca\/contacte\/"]}]},{"@type":"BreadcrumbList","@id":"https:\/\/solidnest.es\/ca\/contacte\/#breadcrumb","itemListElement":[{"@type":"ListItem","position":1,"name":"Portada","item":"https:\/\/solidnest.es\/ca\/"},{"@type":"ListItem","position":2,"name":"Contacte"}]},{"@type":"WebSite","@id":"https:\/\/solidnest.es\/#website","url":"https:\/\/solidnest.es\/","name":"Solid Nest","description":"Promotora inmobiliaria especializada en obra nueva","potentialAction":[{"@type":"SearchAction","target":{"@type":"EntryPoint","urlTemplate":"https:\/\/solidnest.es\/?s={search_term_string}"},"query-input":"required name=search_term_string"}],"inLanguage":"ca"}]}},"_links":{"self":[{"href":"https:\/\/solidnest.es\/ca\/wp-json\/wp\/v2\/pages\/710"}],"collection":[{"href":"https:\/\/solidnest.es\/ca\/wp-json\/wp\/v2\/pages"}],"about":[{"href":"https:\/\/solidnest.es\/ca\/wp-json\/wp\/v2\/types\/page"}],"author":[{"embeddable":true,"href":"https:\/\/solidnest.es\/ca\/wp-json\/wp\/v2\/users\/1"}],"replies":[{"embeddable":true,"href":"https:\/\/solidnest.es\/ca\/wp-json\/wp\/v2\/comments?post=710"}],"version-history":[{"count":6,"href":"https:\/\/solidnest.es\/ca\/wp-json\/wp\/v2\/pages\/710\/revisions"}],"predecessor-version":[{"id":916,"href":"https:\/\/solidnest.es\/ca\/wp-json\/wp\/v2\/pages\/710\/revisions\/916"}],"wp:attachment":[{"href":"https:\/\/solidnest.es\/ca\/wp-json\/wp\/v2\/media?parent=710"}],"curies":[{"name":"wp","href":"https:\/\/api.w.org\/{rel}","templated":true}]}}